{"id":9,"date":"2014-03-09T17:05:43","date_gmt":"2014-03-09T16:05:43","guid":{"rendered":"http:\/\/orlicemb.cz\/?page_id=9"},"modified":"2023-09-25T10:23:00","modified_gmt":"2023-09-25T08:23:00","slug":"o-nas","status":"publish","type":"page","link":"https:\/\/orlicemb.cz\/?page_id=9","title":{"rendered":"O n\u00e1s"},"content":{"rendered":"<h2 style=\"color: #646464; text-align: justify;\">St\u0159edisko a odd\u00edly<\/h2>\n<p style=\"color: #000000; text-align: justify;\">Skautsk\u00e9 st\u0159edisko Moravsk\u00e1 Orlice je\u00a0pr\u00e1vnick\u00e1 osoba s delegovanou pr\u00e1vn\u00ed subjektivitou sdru\u017euj\u00edc\u00ed n\u011bkolik odd\u00edl\u016f, zastupovan\u00e1 vedouc\u00edm st\u0159ediska pop\u0159. dal\u0161\u00edmi \u010dleny st\u0159ediskov\u00e9 rady.<\/p>\n<h2 style=\"color: #646464; text-align: justify;\">S\u00eddlo<\/h2>\n<p style=\"color: #000000; text-align: justify;\">Na\u0161e st\u0159edisko \u201cMoravsk\u00e1 Orlice\u201d m\u00e1 s\u00eddlo ve m\u011bst\u011b\u00a0<a style=\"font-weight: bold; color: #467aa7;\" href=\"http:\/\/www.mbudejovice.cz\/\">Moravsk\u00e9 Bud\u011bjovice<\/a>, kter\u00e9 naleznete v ji\u017en\u00ed \u010d\u00e1sti kraje Vyso\u010dina. Proch\u00e1z\u00ed tudy v\u00fdznamn\u00e1 silni\u010dn\u00ed komunikace z Jihlavy do Znojma. Na\u0161e klubovna, t\u00e9\u017e zvan\u00e1 jako \u201cLikus\u00e1k\u201d, se nach\u00e1z\u00ed t\u00e9m\u011b\u0159 v centru m\u011bsta na adrese\u00a0Blahoslavova 1697\u00a0&#8211; viz\u00a0<a style=\"font-weight: bold; color: #467aa7;\" href=\"https:\/\/mapy.cz\/zakladni?x=15.8083998&amp;y=49.0499378&amp;z=17&amp;source=firm&amp;id=2177194\">mapa<\/a>. Zde se odd\u00edly sch\u00e1z\u00ed na sch\u016fzk\u00e1ch nebo za\u010d\u00ednaj\u00ed svoje v\u00fdpravy. Klubovna je tak\u00e9 z\u00e1zem\u00edm pro po\u0159\u00e1d\u00e1n\u00ed st\u0159ediskov\u00fdch akc\u00ed. Po renovaci cel\u00e9ho objektu a soci\u00e1ln\u00edho z\u00e1zem\u00ed, jsme za\u010dali nab\u00edzet na\u0161i klubovnu\u00a0 jako ubytovnu pro skautsk\u00e9 i jin\u00e9 z\u00e1jemce &#8211; viz\u00a0<a style=\"font-weight: bold; color: #467aa7;\" href=\"https:\/\/orlicemb.cz\/?page_id=2433\">Ubytov\u00e1n\u00ed<\/a><\/p>\n<h2 style=\"color: #646464; text-align: justify;\">Jak se skauting objevil v na\u0161em m\u011bst\u011b?<\/h2>\n<p style=\"color: #000000; text-align: justify;\"><strong>1907\u00a0<\/strong>&#8211; lord Baden-Powell zalo\u017eil v\u00a0Brit\u00e1nii prvn\u00ed skautsk\u00e9 hnut\u00ed na sv\u011bt\u011b.<\/p>\n<p style=\"color: #000000; text-align: justify;\"><strong>1914 &#8211;\u00a0<\/strong>Anton\u00edn<strong>\u00a0<\/strong>Svojs\u00edk, st\u0159edo\u0161kolsk\u00fd pedagog, vytvo\u0159il \u010deskou skautskou organizaci &#8211; Jun\u00e1k.<\/p>\n<p style=\"color: #000000; text-align: justify;\"><strong>1920\u00a0<\/strong>&#8211; v\u00a0Moravsk\u00fdch Bud\u011bjovic\u00edch vznikl prvn\u00ed skautsk\u00fd odd\u00edl.<\/p>\n<p style=\"color: #000000; text-align: justify;\"><strong>30. l\u00e9ta<\/strong>\u00a0&#8211; skauting v\u00a0na\u0161em m\u011bst\u011b za\u017e\u00edval prudk\u00fd rozvoj. Mimo Jun\u00e1k &#8211; svaz skaut\u016f a skautek R\u010cS zde p\u016fsobily i dal\u0161\u00ed dv\u011b p\u0159\u00edbuzn\u00e9 organizace (Jun\u00e1k volnosti a katolick\u00fd skauting).<\/p>\n<p style=\"color: #000000; text-align: justify;\"><strong>1940<\/strong>\u00a0&#8211; nacist\u00e9 zak\u00e1zali skautskou organizaci, zah\u00e1jili zabavov\u00e1n\u00ed majetku a perzekuci vedouc\u00edch.<\/p>\n<p style=\"color: #000000; text-align: justify;\"><strong>1945\u00a0<\/strong>&#8211; skauti obnovili aktivitu a nastala tzv. \u201ezlat\u00e1 \u00e9ra\u201d. V Mor. Bud\u011bjovic\u00edch a okol\u00ed existovalo 5 velk\u00fdch odd\u00edl\u016f pod veden\u00edm legend\u00e1rn\u00edho \u201eFerdy\u0161e\u201d-Ferdinanda Falbera.<\/p>\n<p style=\"color: #000000; text-align: justify;\"><strong>1948<\/strong>&#8211;<strong>1950<\/strong>\u00a0&#8211; Komunist\u00e9 postupn\u011b omezovali skautskou \u010dinnost, a\u017e Jun\u00e1k zanikl \u00fapln\u011b.<\/p>\n<p style=\"color: #000000; text-align: justify;\"><strong>1968\u00a0<\/strong>&#8211; V dob\u011b \u201ePra\u017esk\u00e9ho jara\u201d se organizace obnovila. V\u00a0Mor. Bud\u011bjovic\u00edch o\u017eivil Jun\u00e1ka Ferdinand Falber, kter\u00fd je\u0161t\u011b s n\u011bkolika nad\u0161enci do p\u0159\u00ed\u0161t\u00edho roku vytvo\u0159il 3 odd\u00edly.<\/p>\n<p style=\"color: #000000; text-align: justify;\"><strong>1970\u00a0<\/strong>&#8211; Jun\u00e1k znovu zak\u00e1z\u00e1n. U\u017e pot\u0159et\u00ed.<\/p>\n<p style=\"color: #000000; text-align: justify;\"><strong>1990<\/strong>\u00a0&#8211; \u010deskoslovensk\u00e9 skautsk\u00e9 hnut\u00ed zah\u00e1jilo aktivitu. V na\u0161em m\u011bst\u011b se za\u010daly op\u011bt zakl\u00e1dat odd\u00edly.<\/p>\n<p style=\"color: #000000; text-align: justify;\"><strong>1990 a\u017e dnes\u00a0<\/strong>&#8211; m\u00edstn\u00ed st\u0159edisko buduje\u00a0pevnou \u010dlenskou z\u00e1kladnu a materi\u00e1ln\u00ed z\u00e1zem\u00ed.<\/p>\n<h2 style=\"color: #000000; text-align: justify;\"><\/h2>\n","protected":false},"excerpt":{"rendered":"<p>St\u0159edisko a odd\u00edly Skautsk\u00e9 st\u0159edisko Moravsk\u00e1 Orlice je\u00a0pr\u00e1vnick\u00e1 osoba s delegovanou pr\u00e1vn\u00ed subjektivitou sdru\u017euj\u00edc\u00ed n\u011bkolik odd\u00edl\u016f, zastupovan\u00e1 vedouc\u00edm st\u0159ediska pop\u0159. dal\u0161\u00edmi \u010dleny st\u0159ediskov\u00e9 rady. S\u00eddlo Na\u0161e st\u0159edisko \u201cMoravsk\u00e1 Orlice\u201d m\u00e1 s\u00eddlo ve m\u011bst\u011b\u00a0Moravsk\u00e9 Bud\u011bjovice, kter\u00e9 naleznete v ji\u017en\u00ed \u010d\u00e1sti kraje Vyso\u010dina. Proch\u00e1z\u00ed tudy v\u00fdznamn\u00e1 silni\u010dn\u00ed komunikace z Jihlavy do Znojma. Na\u0161e klubovna, t\u00e9\u017e zvan\u00e1 jako &hellip; <a href=\"https:\/\/orlicemb.cz\/?page_id=9\" class=\"more-link\">Pokra\u010dov\u00e1n\u00ed textu <span class=\"screen-reader-text\">O n\u00e1s<\/span> <span class=\"meta-nav\">&rarr;<\/span><\/a><\/p>\n","protected":false},"author":12,"featured_media":0,"parent":0,"menu_order":0,"comment_status":"closed","ping_status":"closed","template":"","meta":{"footnotes":""},"class_list":["post-9","page","type-page","status-publish","hentry"],"_links":{"self":[{"href":"https:\/\/orlicemb.cz\/index.php?rest_route=\/wp\/v2\/pages\/9","targetHints":{"allow":["GET"]}}],"collection":[{"href":"https:\/\/orlicemb.cz\/index.php?rest_route=\/wp\/v2\/pages"}],"about":[{"href":"https:\/\/orlicemb.cz\/index.php?rest_route=\/wp\/v2\/types\/page"}],"author":[{"embeddable":true,"href":"https:\/\/orlicemb.cz\/index.php?rest_route=\/wp\/v2\/users\/12"}],"replies":[{"embeddable":true,"href":"https:\/\/orlicemb.cz\/index.php?rest_route=%2Fwp%2Fv2%2Fcomments&post=9"}],"version-history":[{"count":7,"href":"https:\/\/orlicemb.cz\/index.php?rest_route=\/wp\/v2\/pages\/9\/revisions"}],"predecessor-version":[{"id":2477,"href":"https:\/\/orlicemb.cz\/index.php?rest_route=\/wp\/v2\/pages\/9\/revisions\/2477"}],"wp:attachment":[{"href":"https:\/\/orlicemb.cz\/index.php?rest_route=%2Fwp%2Fv2%2Fmedia&parent=9"}],"curies":[{"name":"wp","href":"https:\/\/api.w.org\/{rel}","templated":true}]}}