{"id":2433,"date":"2023-05-30T00:39:47","date_gmt":"2023-05-29T22:39:47","guid":{"rendered":"https:\/\/orlicemb.cz\/?page_id=2433"},"modified":"2025-10-10T13:01:28","modified_gmt":"2025-10-10T11:01:28","slug":"klubovna-moravske-budejovice","status":"publish","type":"page","link":"https:\/\/orlicemb.cz\/?page_id=2433","title":{"rendered":"Klubovna Moravsk\u00e9 Bud\u011bjovice"},"content":{"rendered":"\n<p class=\"has-text-align-center\"><strong>Po dokon\u010den\u00ed rekonstrukce p\u0159ij\u00edm\u00e1me rezervace prostor pro rok 2026. Pro bli\u017e\u0161\u00ed detaily kontaktujte veden\u00ed st\u0159ediska.<\/strong><\/p>\n\n\n\n<figure class=\"wp-block-image size-large\"><a href=\"https:\/\/orlicemb.cz\/wp-content\/uploads\/2022\/11\/0204-Foto-pro-socialni-site-do-textu.jpg\"><img loading=\"lazy\" decoding=\"async\" width=\"1024\" height=\"768\" src=\"https:\/\/orlicemb.cz\/wp-content\/uploads\/2022\/11\/0204-Foto-pro-socialni-site-do-textu-1024x768.jpg\" alt=\"\" class=\"wp-image-2357\" srcset=\"https:\/\/orlicemb.cz\/wp-content\/uploads\/2022\/11\/0204-Foto-pro-socialni-site-do-textu-1024x768.jpg 1024w, https:\/\/orlicemb.cz\/wp-content\/uploads\/2022\/11\/0204-Foto-pro-socialni-site-do-textu-300x225.jpg 300w, https:\/\/orlicemb.cz\/wp-content\/uploads\/2022\/11\/0204-Foto-pro-socialni-site-do-textu-768x576.jpg 768w, https:\/\/orlicemb.cz\/wp-content\/uploads\/2022\/11\/0204-Foto-pro-socialni-site-do-textu-1536x1152.jpg 1536w, https:\/\/orlicemb.cz\/wp-content\/uploads\/2022\/11\/0204-Foto-pro-socialni-site-do-textu-2048x1536.jpg 2048w\" sizes=\"auto, (max-width: 1024px) 100vw, 1024px\" \/><\/a><\/figure>\n","protected":false},"excerpt":{"rendered":"<p>Po dokon\u010den\u00ed rekonstrukce p\u0159ij\u00edm\u00e1me rezervace prostor pro rok 2026. Pro bli\u017e\u0161\u00ed detaily kontaktujte veden\u00ed st\u0159ediska.<\/p>\n","protected":false},"author":12,"featured_media":0,"parent":0,"menu_order":0,"comment_status":"closed","ping_status":"closed","template":"","meta":{"footnotes":""},"class_list":["post-2433","page","type-page","status-publish","hentry"],"_links":{"self":[{"href":"https:\/\/orlicemb.cz\/index.php?rest_route=\/wp\/v2\/pages\/2433","targetHints":{"allow":["GET"]}}],"collection":[{"href":"https:\/\/orlicemb.cz\/index.php?rest_route=\/wp\/v2\/pages"}],"about":[{"href":"https:\/\/orlicemb.cz\/index.php?rest_route=\/wp\/v2\/types\/page"}],"author":[{"embeddable":true,"href":"https:\/\/orlicemb.cz\/index.php?rest_route=\/wp\/v2\/users\/12"}],"replies":[{"embeddable":true,"href":"https:\/\/orlicemb.cz\/index.php?rest_route=%2Fwp%2Fv2%2Fcomments&post=2433"}],"version-history":[{"count":4,"href":"https:\/\/orlicemb.cz\/index.php?rest_route=\/wp\/v2\/pages\/2433\/revisions"}],"predecessor-version":[{"id":2682,"href":"https:\/\/orlicemb.cz\/index.php?rest_route=\/wp\/v2\/pages\/2433\/revisions\/2682"}],"wp:attachment":[{"href":"https:\/\/orlicemb.cz\/index.php?rest_route=%2Fwp%2Fv2%2Fmedia&parent=2433"}],"curies":[{"name":"wp","href":"https:\/\/api.w.org\/{rel}","templated":true}]}}