{"id":13,"date":"2014-03-09T17:06:06","date_gmt":"2014-03-09T16:06:06","guid":{"rendered":"http:\/\/orlicemb.cz\/?page_id=13"},"modified":"2022-03-11T12:01:13","modified_gmt":"2022-03-11T11:01:13","slug":"kontakt","status":"publish","type":"page","link":"https:\/\/orlicemb.cz\/?page_id=13","title":{"rendered":"Kontakt"},"content":{"rendered":"\n<h5 class=\"wp-block-heading\"><strong>Jun\u00e1k \u2013 \u010desk\u00fd skaut,&nbsp;<\/strong><strong>st\u0159edisko Moravsk\u00e1 Orlice Moravsk\u00e9 Bud\u011bjovice, z. s.<\/strong><br>Blahoslavova 1697<br>676 02 Moravsk\u00e9 Bud\u011bjovice<\/h5>\n\n\n<p><iframe loading=\"lazy\" style=\"border:none\" src=\"https:\/\/frame.mapy.cz\/s\/lacozubofe\" width=\"700\" height=\"466\" frameborder=\"0\"><\/iframe><\/p>\n\n\n\n<p><strong><a class=\"more\" href=\"https:\/\/mapy.cz\/zakladni?x=15.8083998&amp;y=49.0499378&amp;z=17&amp;source=firm&amp;id=2177194\">Mapa<\/a><a class=\"more\" href=\"https:\/\/www.facebook.com\/Moravsk%C3%A1-orlice-Jun%C3%A1k-%C4%8Desk%C3%BD-skaut-152374294803708\/\" target=\"_blank\" rel=\"noopener noreferrer\"><br>Facebook<br><\/a><\/strong><strong><a class=\"more\" href=\"https:\/\/www.instagram.com\/skaut_mb\/\" target=\"_blank\" rel=\"noopener noreferrer\">Instagram<\/a><\/strong><\/p>\n\n\n\n<p><strong>I\u010c:<\/strong>\u00a060418648<br><strong>Bankovn\u00ed \u00fa\u010det: <\/strong>6094699349\/0800 (\u010cS) &#8211; od 1.8.2021<br><strong>ID datov\u00e9 schr\u00e1nky: <\/strong>ww3he77<\/p>\n\n\n\n<h4 class=\"wp-block-heading\"><strong>Vedouc\u00ed st\u0159ediska<\/strong><\/h4>\n\n\n\n<p><strong><strong>Petr Rokosk\u00fd<\/strong><\/strong><\/p>\n\n\n\n<ul class=\"wp-block-list\"><li>tel.: 723 008 566<\/li><li>e-mail: <span style=\"color: #000000;\"><a href=\"mailto:petr.rokosky@skaut.cz\">petr.rokosky@skaut.cz<\/a><\/span><\/li><\/ul>\n\n\n\n<h4 class=\"wp-block-heading\"><strong>Z\u00e1stupce vedouc\u00edho st\u0159ediska<\/strong><\/h4>\n\n\n\n<p><strong>Lenka Musilov\u00e1<\/strong><\/p>\n\n\n\n<ul class=\"wp-block-list\"><li>tel.: &nbsp;721 167 812<\/li><li><span style=\"color: #000000;\">e-mail: <a href=\"mailto:musilova.lena@seznam.cz\">musilova.lena@seznam.cz<\/a><\/span><\/li><\/ul>\n","protected":false},"excerpt":{"rendered":"<p>Jun\u00e1k \u2013 \u010desk\u00fd skaut,&nbsp;st\u0159edisko Moravsk\u00e1 Orlice Moravsk\u00e9 Bud\u011bjovice, z. s.Blahoslavova 1697676 02 Moravsk\u00e9 Bud\u011bjovice MapaFacebookInstagram I\u010c:\u00a060418648Bankovn\u00ed \u00fa\u010det: 6094699349\/0800 (\u010cS) &#8211; od 1.8.2021ID datov\u00e9 schr\u00e1nky: ww3he77 Vedouc\u00ed st\u0159ediska Petr Rokosk\u00fd tel.: 723 008 566 e-mail: petr.rokosky@skaut.cz Z\u00e1stupce vedouc\u00edho st\u0159ediska Lenka Musilov\u00e1 tel.: &nbsp;721 167 812 e-mail: musilova.lena@seznam.cz<\/p>\n","protected":false},"author":12,"featured_media":0,"parent":0,"menu_order":0,"comment_status":"closed","ping_status":"closed","template":"","meta":{"footnotes":""},"class_list":["post-13","page","type-page","status-publish","hentry"],"_links":{"self":[{"href":"https:\/\/orlicemb.cz\/index.php?rest_route=\/wp\/v2\/pages\/13","targetHints":{"allow":["GET"]}}],"collection":[{"href":"https:\/\/orlicemb.cz\/index.php?rest_route=\/wp\/v2\/pages"}],"about":[{"href":"https:\/\/orlicemb.cz\/index.php?rest_route=\/wp\/v2\/types\/page"}],"author":[{"embeddable":true,"href":"https:\/\/orlicemb.cz\/index.php?rest_route=\/wp\/v2\/users\/12"}],"replies":[{"embeddable":true,"href":"https:\/\/orlicemb.cz\/index.php?rest_route=%2Fwp%2Fv2%2Fcomments&post=13"}],"version-history":[{"count":21,"href":"https:\/\/orlicemb.cz\/index.php?rest_route=\/wp\/v2\/pages\/13\/revisions"}],"predecessor-version":[{"id":2279,"href":"https:\/\/orlicemb.cz\/index.php?rest_route=\/wp\/v2\/pages\/13\/revisions\/2279"}],"wp:attachment":[{"href":"https:\/\/orlicemb.cz\/index.php?rest_route=%2Fwp%2Fv2%2Fmedia&parent=13"}],"curies":[{"name":"wp","href":"https:\/\/api.w.org\/{rel}","templated":true}]}}